{"id":21,"date":"2013-11-12T22:02:17","date_gmt":"2013-11-12T22:02:17","guid":{"rendered":"http:\/\/www.r3f.com\/blog\/?page_id=21"},"modified":"2013-11-12T22:02:17","modified_gmt":"2013-11-12T22:02:17","slug":"about-us","status":"publish","type":"page","link":"http:\/\/www.r3f.com\/blog\/about-us","title":{"rendered":"About us"},"content":{"rendered":"<p>A R3F se orgulha de ter sido a primeira empresa no mundo a representar o MODO 3D e atualmente \u00e9 o seu representante oficial e exclusivo na Am\u00e9rica Latina.\u00a0 Ao longo de todo este tempo conquistamos um lugar de destaque no mercado brasileiro oferecendo desde a importa\u00e7\u00e3o legalizada e sua comercializa\u00e7\u00e3o at\u00e9 a implanta\u00e7\u00e3o final em departamentos de ilustra\u00e7\u00e3o 3D. Oferecemos tamb\u00e9m o <strong>\u00fanico treinamento oficial, homologado e reconhecido pela The Foundry no pa\u00eds<\/strong> al\u00e9m de completo suporte t\u00e9cnico, consultoria e render farm para as maiores ag\u00eancias de publicidade e est\u00fadios de ilustra\u00e7\u00e3o do pa\u00eds.<\/p>\n","protected":false},"excerpt":{"rendered":"<p>A R3F se orgulha de ter sido a primeira empresa no mundo a representar o MODO 3D e atualmente \u00e9 o seu representante oficial e exclusivo na Am\u00e9rica Latina.\u00a0 Ao longo de todo este tempo conquistamos um lugar de destaque no mercado brasileiro oferecendo desde a importa\u00e7\u00e3o legalizada e sua comercializa\u00e7\u00e3o at\u00e9 a implanta\u00e7\u00e3o final [&hellip;]<\/p>\n","protected":false},"author":1,"featured_media":0,"parent":0,"menu_order":0,"comment_status":"open","ping_status":"open","template":"","meta":[],"_links":{"self":[{"href":"http:\/\/www.r3f.com\/blog\/wp-json\/wp\/v2\/pages\/21"}],"collection":[{"href":"http:\/\/www.r3f.com\/blog\/wp-json\/wp\/v2\/pages"}],"about":[{"href":"http:\/\/www.r3f.com\/blog\/wp-json\/wp\/v2\/types\/page"}],"author":[{"embeddable":true,"href":"http:\/\/www.r3f.com\/blog\/wp-json\/wp\/v2\/users\/1"}],"replies":[{"embeddable":true,"href":"http:\/\/www.r3f.com\/blog\/wp-json\/wp\/v2\/comments?post=21"}],"version-history":[{"count":1,"href":"http:\/\/www.r3f.com\/blog\/wp-json\/wp\/v2\/pages\/21\/revisions"}],"predecessor-version":[{"id":22,"href":"http:\/\/www.r3f.com\/blog\/wp-json\/wp\/v2\/pages\/21\/revisions\/22"}],"wp:attachment":[{"href":"http:\/\/www.r3f.com\/blog\/wp-json\/wp\/v2\/media?parent=21"}],"curies":[{"name":"wp","href":"https:\/\/api.w.org\/{rel}","templated":true}]}}